{"id":11,"date":"2023-06-02T10:22:48","date_gmt":"2023-06-02T10:22:48","guid":{"rendered":"https:\/\/naruba.ch\/?page_id=11"},"modified":"2023-07-06T08:13:39","modified_gmt":"2023-07-06T08:13:39","slug":"home","status":"publish","type":"page","link":"https:\/\/naruba.ch\/","title":{"rendered":"Home"},"content":{"rendered":"\t\t<div data-elementor-type=\"wp-page\" data-elementor-id=\"11\" class=\"elementor elementor-11\">\n\t\t\t\t\t\t<section class=\"elementor-section elementor-top-section elementor-element elementor-element-1c146bd5 elementor-section-boxed elementor-section-height-default elementor-section-height-default elementor-invisible\" data-id=\"1c146bd5\" data-element_type=\"section\" data-e-type=\"section\" data-settings=\"{&quot;background_background&quot;:&quot;classic&quot;,&quot;animation&quot;:&quot;fadeIn&quot;}\">\n\t\t\t\t\t\t\t<div class=\"elementor-background-overlay\"><\/div>\n\t\t\t\t\t\t\t<div class=\"elementor-container elementor-column-gap-default\">\n\t\t\t\t\t<div class=\"elementor-column elementor-col-100 elementor-top-column elementor-element elementor-element-2164796b\" data-id=\"2164796b\" data-element_type=\"column\" data-e-type=\"column\">\n\t\t\t<div class=\"elementor-widget-wrap elementor-element-populated\">\n\t\t\t\t\t\t<div class=\"elementor-element elementor-element-200682d0 elementor-invisible elementor-widget elementor-widget-heading\" data-id=\"200682d0\" data-element_type=\"widget\" data-e-type=\"widget\" id=\"Ueber\" data-settings=\"{&quot;_animation&quot;:&quot;fadeInUp&quot;,&quot;_animation_delay&quot;:&quot;400&quot;}\" data-widget_type=\"heading.default\">\n\t\t\t\t<div class=\"elementor-widget-container\">\n\t\t\t\t\t<h3 class=\"elementor-heading-title elementor-size-default\">\u00dcber uns: <br><br>\nArmin Neukom als langj\u00e4hriger Unternehmer hat sich in der Haustechnik viel Knowhow erarbeitet und setzt sich f\u00fcr innovative und \u00f6kologische L\u00f6sungen f\u00fcr den Hauseigent\u00fcmer ein. <br>Die Firma Naruba hat eine Gruppe Qualifizierte Fachkr\u00e4fte aufgebaut und setzt auf Qualit\u00e4t und Seriosit\u00e4t mit langj\u00e4hrigen gut ausgebildeten Ingenieuren und Monteuren mit Fachausweis. <br>Naruba AG ist ein Familienunternehmer mit Tradition und Fachwissen, gegr\u00fcndet im Jahr 2016. <br>Die N\u00e4chste Generation steht schon in den Startl\u00f6chern und ist bestens ausger\u00fcstet, um die Kundenw\u00fcnsche zu erf\u00fcllen.\n\n<\/h3>\t\t\t\t<\/div>\n\t\t\t\t<\/div>\n\t\t\t\t<div class=\"elementor-element elementor-element-ac6e0a9 elementor-invisible elementor-widget elementor-widget-heading\" data-id=\"ac6e0a9\" data-element_type=\"widget\" data-e-type=\"widget\" data-settings=\"{&quot;_animation&quot;:&quot;fadeInUp&quot;,&quot;_animation_delay&quot;:&quot;400&quot;}\" data-widget_type=\"heading.default\">\n\t\t\t\t<div class=\"elementor-widget-container\">\n\t\t\t\t\t<h3 class=\"elementor-heading-title elementor-size-default\">\n\n<\/h3>\t\t\t\t<\/div>\n\t\t\t\t<\/div>\n\t\t\t\t<div class=\"elementor-element elementor-element-51690bf elementor-invisible elementor-widget elementor-widget-heading\" data-id=\"51690bf\" data-element_type=\"widget\" data-e-type=\"widget\" id=\"Dienst\" data-settings=\"{&quot;_animation&quot;:&quot;fadeInUp&quot;,&quot;_animation_delay&quot;:&quot;400&quot;}\" data-widget_type=\"heading.default\">\n\t\t\t\t<div class=\"elementor-widget-container\">\n\t\t\t\t\t<h3 class=\"elementor-heading-title elementor-size-default\">Dienstleistungen:<br><br>\n-\tMachbarkeitsstudien, Energieberatung, Impulsberatung \u00aberneuerbar heizen\u00bb<br>\n-\tWir erstellen f\u00fcr Sie W\u00e4rmepumpen mit Erdsonden, Luft oder Grundwasser usw.<br>\n-\tHolzheizungen mit Pellet, Schnitzel oder Feststoff\n-\tSolaranlagen<br>\n-\tBewilligungsverfahren mit allen \u00c4mtern, Fachkoordination mit Terminplan f\u00fcr alle Arbeitsgattungen, Vertretung inkl. Begleitung bis zur Auszahlung der F\u00f6rdergelder vom Kanton. \n\n<\/h3>\t\t\t\t<\/div>\n\t\t\t\t<\/div>\n\t\t\t\t<div class=\"elementor-element elementor-element-996f78e elementor-invisible elementor-widget elementor-widget-heading\" data-id=\"996f78e\" data-element_type=\"widget\" data-e-type=\"widget\" id=\"Galerie\" data-settings=\"{&quot;_animation&quot;:&quot;fadeInUp&quot;,&quot;_animation_delay&quot;:&quot;400&quot;}\" data-widget_type=\"heading.default\">\n\t\t\t\t<div class=\"elementor-widget-container\">\n\t\t\t\t\t<h3 class=\"elementor-heading-title elementor-size-default\"><br>\nGalerie:<br><br>\n\n\n<\/h3>\t\t\t\t<\/div>\n\t\t\t\t<\/div>\n\t\t\t\t<div class=\"elementor-element elementor-element-ea1440a elementor-arrows-position-inside elementor-pagination-position-outside elementor-invisible elementor-widget elementor-widget-image-carousel\" data-id=\"ea1440a\" data-element_type=\"widget\" data-e-type=\"widget\" data-settings=\"{&quot;_animation&quot;:&quot;fadeInUp&quot;,&quot;_animation_delay&quot;:400,&quot;navigation&quot;:&quot;both&quot;,&quot;autoplay&quot;:&quot;yes&quot;,&quot;pause_on_hover&quot;:&quot;yes&quot;,&quot;pause_on_interaction&quot;:&quot;yes&quot;,&quot;autoplay_speed&quot;:5000,&quot;infinite&quot;:&quot;yes&quot;,&quot;speed&quot;:500}\" data-widget_type=\"image-carousel.default\">\n\t\t\t\t<div class=\"elementor-widget-container\">\n\t\t\t\t\t\t\t<div class=\"elementor-image-carousel-wrapper swiper\" role=\"region\" aria-roledescription=\"carousel\" aria-label=\"Bild Karussell\" dir=\"ltr\">\n\t\t\t<div class=\"elementor-image-carousel swiper-wrapper\" aria-live=\"off\">\n\t\t\t\t\t\t\t\t<div class=\"swiper-slide\" role=\"group\" aria-roledescription=\"slide\" aria-label=\"1 von 4\"><figure class=\"swiper-slide-inner\"><img decoding=\"async\" class=\"swiper-slide-image\" src=\"https:\/\/naruba.ch\/wp-content\/uploads\/2023\/07\/Foto1-225x300.jpg\" alt=\"Foto1\" \/><\/figure><\/div><div class=\"swiper-slide\" role=\"group\" aria-roledescription=\"slide\" aria-label=\"2 von 4\"><figure class=\"swiper-slide-inner\"><img decoding=\"async\" class=\"swiper-slide-image\" src=\"https:\/\/naruba.ch\/wp-content\/uploads\/2023\/07\/8-225x300.jpg\" alt=\"8\" \/><\/figure><\/div><div class=\"swiper-slide\" role=\"group\" aria-roledescription=\"slide\" aria-label=\"3 von 4\"><figure class=\"swiper-slide-inner\"><img decoding=\"async\" class=\"swiper-slide-image\" src=\"https:\/\/naruba.ch\/wp-content\/uploads\/2023\/07\/5-300x225.jpg\" alt=\"5\" \/><\/figure><\/div><div class=\"swiper-slide\" role=\"group\" aria-roledescription=\"slide\" aria-label=\"4 von 4\"><figure class=\"swiper-slide-inner\"><img decoding=\"async\" class=\"swiper-slide-image\" src=\"https:\/\/naruba.ch\/wp-content\/uploads\/2023\/07\/3-225x300.jpg\" alt=\"3\" \/><\/figure><\/div>\t\t\t<\/div>\n\t\t\t\t\t\t\t\t\t\t\t\t<div class=\"elementor-swiper-button elementor-swiper-button-prev\" role=\"button\" tabindex=\"0\">\n\t\t\t\t\t\t<i aria-hidden=\"true\" class=\"eicon-chevron-left\"><\/i>\t\t\t\t\t<\/div>\n\t\t\t\t\t<div class=\"elementor-swiper-button elementor-swiper-button-next\" role=\"button\" tabindex=\"0\">\n\t\t\t\t\t\t<i aria-hidden=\"true\" class=\"eicon-chevron-right\"><\/i>\t\t\t\t\t<\/div>\n\t\t\t\t\n\t\t\t\t\t\t\t\t\t<div class=\"swiper-pagination\"><\/div>\n\t\t\t\t\t\t\t\t\t<\/div>\n\t\t\t\t\t\t<\/div>\n\t\t\t\t<\/div>\n\t\t\t\t\t<\/div>\n\t\t<\/div>\n\t\t\t\t\t<\/div>\n\t\t<\/section>\n\t\t\t\t<section class=\"elementor-section elementor-top-section elementor-element elementor-element-4a4a1f00 elementor-section-boxed elementor-section-height-default elementor-section-height-default\" data-id=\"4a4a1f00\" data-element_type=\"section\" data-e-type=\"section\" data-settings=\"{&quot;background_background&quot;:&quot;classic&quot;}\">\n\t\t\t\t\t\t<div class=\"elementor-container elementor-column-gap-default\">\n\t\t\t\t\t<div class=\"elementor-column elementor-col-100 elementor-top-column elementor-element elementor-element-2c86df85\" data-id=\"2c86df85\" data-element_type=\"column\" data-e-type=\"column\">\n\t\t\t<div class=\"elementor-widget-wrap elementor-element-populated\">\n\t\t\t\t\t\t<div class=\"elementor-element elementor-element-73ed3451 elementor-invisible elementor-widget elementor-widget-heading\" data-id=\"73ed3451\" data-element_type=\"widget\" data-e-type=\"widget\" id=\"Kontakt\" data-settings=\"{&quot;_animation&quot;:&quot;fadeInUp&quot;,&quot;_animation_delay&quot;:&quot;400&quot;}\" data-widget_type=\"heading.default\">\n\t\t\t\t<div class=\"elementor-widget-container\">\n\t\t\t\t\t<h1 class=\"elementor-heading-title elementor-size-default\">Kontakt:<\/h1>\t\t\t\t<\/div>\n\t\t\t\t<\/div>\n\t\t\t\t<div class=\"elementor-element elementor-element-699f46ab elementor-invisible elementor-widget elementor-widget-heading\" data-id=\"699f46ab\" data-element_type=\"widget\" data-e-type=\"widget\" data-settings=\"{&quot;_animation&quot;:&quot;fadeInUp&quot;,&quot;_animation_delay&quot;:&quot;400&quot;}\" data-widget_type=\"heading.default\">\n\t\t\t\t<div class=\"elementor-widget-container\">\n\t\t\t\t\t<h3 class=\"elementor-heading-title elementor-size-default\">Handy: 079 355 99 32<\/h3>\t\t\t\t<\/div>\n\t\t\t\t<\/div>\n\t\t\t\t<div class=\"elementor-element elementor-element-0f36696 elementor-invisible elementor-widget elementor-widget-heading\" data-id=\"0f36696\" data-element_type=\"widget\" data-e-type=\"widget\" data-settings=\"{&quot;_animation&quot;:&quot;fadeInUp&quot;,&quot;_animation_delay&quot;:&quot;400&quot;}\" data-widget_type=\"heading.default\">\n\t\t\t\t<div class=\"elementor-widget-container\">\n\t\t\t\t\t<h3 class=\"elementor-heading-title elementor-size-default\">Telefon: 044 869 05 19<\/h3>\t\t\t\t<\/div>\n\t\t\t\t<\/div>\n\t\t\t\t<div class=\"elementor-element elementor-element-8c614d0 elementor-invisible elementor-widget elementor-widget-heading\" data-id=\"8c614d0\" data-element_type=\"widget\" data-e-type=\"widget\" data-settings=\"{&quot;_animation&quot;:&quot;fadeInUp&quot;,&quot;_animation_delay&quot;:&quot;400&quot;}\" data-widget_type=\"heading.default\">\n\t\t\t\t<div class=\"elementor-widget-container\">\n\t\t\t\t\t<h2 class=\"elementor-heading-title elementor-size-default\"><a href=\"http:\/\/info@naruba.ch\">E-Mail: info@naruba.ch<\/a><\/h2>\t\t\t\t<\/div>\n\t\t\t\t<\/div>\n\t\t\t\t<div class=\"elementor-element elementor-element-3e88586b elementor-invisible elementor-widget elementor-widget-google_maps\" data-id=\"3e88586b\" data-element_type=\"widget\" data-e-type=\"widget\" data-settings=\"{&quot;_animation&quot;:&quot;fadeIn&quot;}\" data-widget_type=\"google_maps.default\">\n\t\t\t\t<div class=\"elementor-widget-container\">\n\t\t\t\t\t\t\t<div class=\"elementor-custom-embed\">\n\t\t\t<iframe loading=\"lazy\"\n\t\t\t\t\tsrc=\"https:\/\/maps.google.com\/maps?q=Christeg%C3%A4ssli%2011%208197%20Rafz&#038;t=m&#038;z=17&#038;output=embed&#038;iwloc=near\"\n\t\t\t\t\ttitle=\"Christeg\u00e4ssli 11 8197 Rafz\"\n\t\t\t\t\taria-label=\"Christeg\u00e4ssli 11 8197 Rafz\"\n\t\t\t><\/iframe>\n\t\t<\/div>\n\t\t\t\t\t\t<\/div>\n\t\t\t\t<\/div>\n\t\t\t\t\t<\/div>\n\t\t<\/div>\n\t\t\t\t\t<\/div>\n\t\t<\/section>\n\t\t\t\t<\/div>\n\t\t","protected":false},"excerpt":{"rendered":"<p>\u00dcber uns: Armin Neukom als langj\u00e4hriger Unternehmer hat sich in der Haustechnik viel Knowhow erarbeitet und setzt sich f\u00fcr innovative und \u00f6kologische L\u00f6sungen f\u00fcr den Hauseigent\u00fcmer ein. Die Firma Naruba hat eine Gruppe Qualifizierte Fachkr\u00e4fte aufgebaut und setzt auf Qualit\u00e4t und Seriosit\u00e4t mit langj\u00e4hrigen gut ausgebildeten Ingenieuren und Monteuren mit Fachausweis. Naruba AG ist ein [&hellip;]<\/p>\n","protected":false},"author":1,"featured_media":0,"parent":0,"menu_order":0,"comment_status":"closed","ping_status":"closed","template":"","meta":{"ocean_post_layout":"full-screen","ocean_both_sidebars_style":"","ocean_both_sidebars_content_width":0,"ocean_both_sidebars_sidebars_width":0,"ocean_sidebar":"0","ocean_second_sidebar":"0","ocean_disable_margins":"enable","ocean_add_body_class":"","ocean_shortcode_before_top_bar":"","ocean_shortcode_after_top_bar":"","ocean_shortcode_before_header":"","ocean_shortcode_after_header":"","ocean_has_shortcode":"","ocean_shortcode_after_title":"","ocean_shortcode_before_footer_widgets":"","ocean_shortcode_after_footer_widgets":"","ocean_shortcode_before_footer_bottom":"","ocean_shortcode_after_footer_bottom":"","ocean_display_top_bar":"off","ocean_display_header":"default","ocean_header_style":"","ocean_center_header_left_menu":"0","ocean_custom_header_template":"0","ocean_custom_logo":0,"ocean_custom_retina_logo":0,"ocean_custom_logo_max_width":0,"ocean_custom_logo_tablet_max_width":0,"ocean_custom_logo_mobile_max_width":0,"ocean_custom_logo_max_height":0,"ocean_custom_logo_tablet_max_height":0,"ocean_custom_logo_mobile_max_height":0,"ocean_header_custom_menu":"4","ocean_menu_typo_font_family":"0","ocean_menu_typo_font_subset":"","ocean_menu_typo_font_size":0,"ocean_menu_typo_font_size_tablet":0,"ocean_menu_typo_font_size_mobile":0,"ocean_menu_typo_font_size_unit":"px","ocean_menu_typo_font_weight":"","ocean_menu_typo_font_weight_tablet":"","ocean_menu_typo_font_weight_mobile":"","ocean_menu_typo_transform":"","ocean_menu_typo_transform_tablet":"","ocean_menu_typo_transform_mobile":"","ocean_menu_typo_line_height":0,"ocean_menu_typo_line_height_tablet":0,"ocean_menu_typo_line_height_mobile":0,"ocean_menu_typo_line_height_unit":"","ocean_menu_typo_spacing":0,"ocean_menu_typo_spacing_tablet":0,"ocean_menu_typo_spacing_mobile":0,"ocean_menu_typo_spacing_unit":"","ocean_menu_link_color":"","ocean_menu_link_color_hover":"","ocean_menu_link_color_active":"","ocean_menu_link_background":"","ocean_menu_link_hover_background":"","ocean_menu_link_active_background":"","ocean_menu_social_links_bg":"","ocean_menu_social_hover_links_bg":"","ocean_menu_social_links_color":"","ocean_menu_social_hover_links_color":"","ocean_disable_title":"on","ocean_disable_heading":"default","ocean_post_title":"","ocean_post_subheading":"","ocean_post_title_style":"","ocean_post_title_background_color":"","ocean_post_title_background":0,"ocean_post_title_bg_image_position":"","ocean_post_title_bg_image_attachment":"","ocean_post_title_bg_image_repeat":"","ocean_post_title_bg_image_size":"","ocean_post_title_height":0,"ocean_post_title_bg_overlay":0.5,"ocean_post_title_bg_overlay_color":"","ocean_disable_breadcrumbs":"default","ocean_breadcrumbs_color":"","ocean_breadcrumbs_separator_color":"","ocean_breadcrumbs_links_color":"","ocean_breadcrumbs_links_hover_color":"","ocean_display_footer_widgets":"off","ocean_display_footer_bottom":"default","ocean_custom_footer_template":"0","footnotes":""},"class_list":["post-11","page","type-page","status-publish","hentry","entry"],"yoast_head":"<!-- This site is optimized with the Yoast SEO plugin v27.4 - https:\/\/yoast.com\/product\/yoast-seo-wordpress\/ -->\n<title>Naruba<\/title>\n<meta name=\"description\" content=\"Hinter der Firma Naruba AG gegr\u00fcndet im Jahr 2016 steht vor allem Armin Neukorn als langj\u00e4hriger Unternehmer, er erweitert jetzt sein Arbeitsumfeld. T\u00e4tig war er vor allem in seinem Familienbetrieb das im Jahr 1964 gegr\u00fcndet und sich seit jeher mit der Haustechnik f\u00fcr Heizungen, sauberes Wasser, bis zur eigenen Stromversorgung mit Photovoltaik und Beratungen eingesetzt hat.\" \/>\n<meta name=\"robots\" content=\"index, follow, max-snippet:-1, max-image-preview:large, max-video-preview:-1\" \/>\n<link rel=\"canonical\" href=\"https:\/\/naruba.ch\/\" \/>\n<meta property=\"og:locale\" content=\"de_DE\" \/>\n<meta property=\"og:type\" content=\"article\" \/>\n<meta property=\"og:title\" content=\"Naruba\" \/>\n<meta property=\"og:description\" content=\"Hinter der Firma Naruba AG gegr\u00fcndet im Jahr 2016 steht vor allem Armin Neukorn als langj\u00e4hriger Unternehmer, er erweitert jetzt sein Arbeitsumfeld. T\u00e4tig war er vor allem in seinem Familienbetrieb das im Jahr 1964 gegr\u00fcndet und sich seit jeher mit der Haustechnik f\u00fcr Heizungen, sauberes Wasser, bis zur eigenen Stromversorgung mit Photovoltaik und Beratungen eingesetzt hat.\" \/>\n<meta property=\"og:url\" content=\"https:\/\/naruba.ch\/\" \/>\n<meta property=\"og:site_name\" content=\"Naruba\" \/>\n<meta property=\"article:modified_time\" content=\"2023-07-06T08:13:39+00:00\" \/>\n<meta property=\"og:image\" content=\"https:\/\/naruba.ch\/wp-content\/uploads\/2023\/07\/Foto1-225x300.jpg\" \/>\n<meta name=\"twitter:card\" content=\"summary_large_image\" \/>\n<meta name=\"twitter:label1\" content=\"Gesch\u00e4tzte Lesezeit\" \/>\n\t<meta name=\"twitter:data1\" content=\"2\u00a0Minuten\" \/>\n<script type=\"application\/ld+json\" class=\"yoast-schema-graph\">{\"@context\":\"https:\\\/\\\/schema.org\",\"@graph\":[{\"@type\":\"WebPage\",\"@id\":\"https:\\\/\\\/naruba.ch\\\/\",\"url\":\"https:\\\/\\\/naruba.ch\\\/\",\"name\":\"Naruba\",\"isPartOf\":{\"@id\":\"https:\\\/\\\/naruba.ch\\\/#website\"},\"primaryImageOfPage\":{\"@id\":\"https:\\\/\\\/naruba.ch\\\/#primaryimage\"},\"image\":{\"@id\":\"https:\\\/\\\/naruba.ch\\\/#primaryimage\"},\"thumbnailUrl\":\"https:\\\/\\\/naruba.ch\\\/wp-content\\\/uploads\\\/2023\\\/07\\\/Foto1-225x300.jpg\",\"datePublished\":\"2023-06-02T10:22:48+00:00\",\"dateModified\":\"2023-07-06T08:13:39+00:00\",\"description\":\"Hinter der Firma Naruba AG gegr\u00fcndet im Jahr 2016 steht vor allem Armin Neukorn als langj\u00e4hriger Unternehmer, er erweitert jetzt sein Arbeitsumfeld. T\u00e4tig war er vor allem in seinem Familienbetrieb das im Jahr 1964 gegr\u00fcndet und sich seit jeher mit der Haustechnik f\u00fcr Heizungen, sauberes Wasser, bis zur eigenen Stromversorgung mit Photovoltaik und Beratungen eingesetzt hat.\",\"breadcrumb\":{\"@id\":\"https:\\\/\\\/naruba.ch\\\/#breadcrumb\"},\"inLanguage\":\"de\",\"potentialAction\":[{\"@type\":\"ReadAction\",\"target\":[\"https:\\\/\\\/naruba.ch\\\/\"]}]},{\"@type\":\"ImageObject\",\"inLanguage\":\"de\",\"@id\":\"https:\\\/\\\/naruba.ch\\\/#primaryimage\",\"url\":\"https:\\\/\\\/naruba.ch\\\/wp-content\\\/uploads\\\/2023\\\/07\\\/Foto1-scaled.jpg\",\"contentUrl\":\"https:\\\/\\\/naruba.ch\\\/wp-content\\\/uploads\\\/2023\\\/07\\\/Foto1-scaled.jpg\",\"width\":1920,\"height\":2560},{\"@type\":\"BreadcrumbList\",\"@id\":\"https:\\\/\\\/naruba.ch\\\/#breadcrumb\",\"itemListElement\":[{\"@type\":\"ListItem\",\"position\":1,\"name\":\"Startseite\",\"item\":\"https:\\\/\\\/naruba.ch\\\/\"},{\"@type\":\"ListItem\",\"position\":2,\"name\":\"Home\"}]},{\"@type\":\"WebSite\",\"@id\":\"https:\\\/\\\/naruba.ch\\\/#website\",\"url\":\"https:\\\/\\\/naruba.ch\\\/\",\"name\":\"Naruba\",\"description\":\"\",\"publisher\":{\"@id\":\"https:\\\/\\\/naruba.ch\\\/#organization\"},\"potentialAction\":[{\"@type\":\"SearchAction\",\"target\":{\"@type\":\"EntryPoint\",\"urlTemplate\":\"https:\\\/\\\/naruba.ch\\\/?s={search_term_string}\"},\"query-input\":{\"@type\":\"PropertyValueSpecification\",\"valueRequired\":true,\"valueName\":\"search_term_string\"}}],\"inLanguage\":\"de\"},{\"@type\":\"Organization\",\"@id\":\"https:\\\/\\\/naruba.ch\\\/#organization\",\"name\":\"Naruba\",\"url\":\"https:\\\/\\\/naruba.ch\\\/\",\"logo\":{\"@type\":\"ImageObject\",\"inLanguage\":\"de\",\"@id\":\"https:\\\/\\\/naruba.ch\\\/#\\\/schema\\\/logo\\\/image\\\/\",\"url\":\"https:\\\/\\\/naruba.ch\\\/wp-content\\\/uploads\\\/2023\\\/06\\\/2023-06-02-14-22-36.jpg\",\"contentUrl\":\"https:\\\/\\\/naruba.ch\\\/wp-content\\\/uploads\\\/2023\\\/06\\\/2023-06-02-14-22-36.jpg\",\"width\":480,\"height\":429,\"caption\":\"Naruba\"},\"image\":{\"@id\":\"https:\\\/\\\/naruba.ch\\\/#\\\/schema\\\/logo\\\/image\\\/\"}}]}<\/script>\n<!-- \/ Yoast SEO plugin. -->","yoast_head_json":{"title":"Naruba","description":"Hinter der Firma Naruba AG gegr\u00fcndet im Jahr 2016 steht vor allem Armin Neukorn als langj\u00e4hriger Unternehmer, er erweitert jetzt sein Arbeitsumfeld. T\u00e4tig war er vor allem in seinem Familienbetrieb das im Jahr 1964 gegr\u00fcndet und sich seit jeher mit der Haustechnik f\u00fcr Heizungen, sauberes Wasser, bis zur eigenen Stromversorgung mit Photovoltaik und Beratungen eingesetzt hat.","robots":{"index":"index","follow":"follow","max-snippet":"max-snippet:-1","max-image-preview":"max-image-preview:large","max-video-preview":"max-video-preview:-1"},"canonical":"https:\/\/naruba.ch\/","og_locale":"de_DE","og_type":"article","og_title":"Naruba","og_description":"Hinter der Firma Naruba AG gegr\u00fcndet im Jahr 2016 steht vor allem Armin Neukorn als langj\u00e4hriger Unternehmer, er erweitert jetzt sein Arbeitsumfeld. T\u00e4tig war er vor allem in seinem Familienbetrieb das im Jahr 1964 gegr\u00fcndet und sich seit jeher mit der Haustechnik f\u00fcr Heizungen, sauberes Wasser, bis zur eigenen Stromversorgung mit Photovoltaik und Beratungen eingesetzt hat.","og_url":"https:\/\/naruba.ch\/","og_site_name":"Naruba","article_modified_time":"2023-07-06T08:13:39+00:00","og_image":[{"url":"https:\/\/naruba.ch\/wp-content\/uploads\/2023\/07\/Foto1-225x300.jpg","type":"","width":"","height":""}],"twitter_card":"summary_large_image","twitter_misc":{"Gesch\u00e4tzte Lesezeit":"2\u00a0Minuten"},"schema":{"@context":"https:\/\/schema.org","@graph":[{"@type":"WebPage","@id":"https:\/\/naruba.ch\/","url":"https:\/\/naruba.ch\/","name":"Naruba","isPartOf":{"@id":"https:\/\/naruba.ch\/#website"},"primaryImageOfPage":{"@id":"https:\/\/naruba.ch\/#primaryimage"},"image":{"@id":"https:\/\/naruba.ch\/#primaryimage"},"thumbnailUrl":"https:\/\/naruba.ch\/wp-content\/uploads\/2023\/07\/Foto1-225x300.jpg","datePublished":"2023-06-02T10:22:48+00:00","dateModified":"2023-07-06T08:13:39+00:00","description":"Hinter der Firma Naruba AG gegr\u00fcndet im Jahr 2016 steht vor allem Armin Neukorn als langj\u00e4hriger Unternehmer, er erweitert jetzt sein Arbeitsumfeld. T\u00e4tig war er vor allem in seinem Familienbetrieb das im Jahr 1964 gegr\u00fcndet und sich seit jeher mit der Haustechnik f\u00fcr Heizungen, sauberes Wasser, bis zur eigenen Stromversorgung mit Photovoltaik und Beratungen eingesetzt hat.","breadcrumb":{"@id":"https:\/\/naruba.ch\/#breadcrumb"},"inLanguage":"de","potentialAction":[{"@type":"ReadAction","target":["https:\/\/naruba.ch\/"]}]},{"@type":"ImageObject","inLanguage":"de","@id":"https:\/\/naruba.ch\/#primaryimage","url":"https:\/\/naruba.ch\/wp-content\/uploads\/2023\/07\/Foto1-scaled.jpg","contentUrl":"https:\/\/naruba.ch\/wp-content\/uploads\/2023\/07\/Foto1-scaled.jpg","width":1920,"height":2560},{"@type":"BreadcrumbList","@id":"https:\/\/naruba.ch\/#breadcrumb","itemListElement":[{"@type":"ListItem","position":1,"name":"Startseite","item":"https:\/\/naruba.ch\/"},{"@type":"ListItem","position":2,"name":"Home"}]},{"@type":"WebSite","@id":"https:\/\/naruba.ch\/#website","url":"https:\/\/naruba.ch\/","name":"Naruba","description":"","publisher":{"@id":"https:\/\/naruba.ch\/#organization"},"potentialAction":[{"@type":"SearchAction","target":{"@type":"EntryPoint","urlTemplate":"https:\/\/naruba.ch\/?s={search_term_string}"},"query-input":{"@type":"PropertyValueSpecification","valueRequired":true,"valueName":"search_term_string"}}],"inLanguage":"de"},{"@type":"Organization","@id":"https:\/\/naruba.ch\/#organization","name":"Naruba","url":"https:\/\/naruba.ch\/","logo":{"@type":"ImageObject","inLanguage":"de","@id":"https:\/\/naruba.ch\/#\/schema\/logo\/image\/","url":"https:\/\/naruba.ch\/wp-content\/uploads\/2023\/06\/2023-06-02-14-22-36.jpg","contentUrl":"https:\/\/naruba.ch\/wp-content\/uploads\/2023\/06\/2023-06-02-14-22-36.jpg","width":480,"height":429,"caption":"Naruba"},"image":{"@id":"https:\/\/naruba.ch\/#\/schema\/logo\/image\/"}}]}},"jetpack_sharing_enabled":true,"_links":{"self":[{"href":"https:\/\/naruba.ch\/index.php\/wp-json\/wp\/v2\/pages\/11","targetHints":{"allow":["GET"]}}],"collection":[{"href":"https:\/\/naruba.ch\/index.php\/wp-json\/wp\/v2\/pages"}],"about":[{"href":"https:\/\/naruba.ch\/index.php\/wp-json\/wp\/v2\/types\/page"}],"author":[{"embeddable":true,"href":"https:\/\/naruba.ch\/index.php\/wp-json\/wp\/v2\/users\/1"}],"replies":[{"embeddable":true,"href":"https:\/\/naruba.ch\/index.php\/wp-json\/wp\/v2\/comments?post=11"}],"version-history":[{"count":43,"href":"https:\/\/naruba.ch\/index.php\/wp-json\/wp\/v2\/pages\/11\/revisions"}],"predecessor-version":[{"id":107,"href":"https:\/\/naruba.ch\/index.php\/wp-json\/wp\/v2\/pages\/11\/revisions\/107"}],"wp:attachment":[{"href":"https:\/\/naruba.ch\/index.php\/wp-json\/wp\/v2\/media?parent=11"}],"curies":[{"name":"wp","href":"https:\/\/api.w.org\/{rel}","templated":true}]}}